{"id":27,"date":"2020-11-23T09:37:05","date_gmt":"2020-11-23T09:37:05","guid":{"rendered":"https:\/\/jobcenter-leipzig.de\/?page_id=27"},"modified":"2025-01-22T07:44:26","modified_gmt":"2025-01-22T07:44:26","slug":"about-us","status":"publish","type":"page","link":"https:\/\/jobcenter-leipzig.de\/en\/ueber-uns\/","title":{"rendered":"About us"},"content":{"rendered":"<!-- PMB print buttons is only displayed on a single post\/page URLs--><p><div class=\"fusion-fullwidth fullwidth-box fusion-builder-row-1 fusion-flex-container fusion-parallax-none nonhundred-percent-fullwidth non-hundred-percent-height-scrolling\" style=\"--awb-background-blend-mode:overlay;--awb-border-radius-top-left:0px;--awb-border-radius-top-right:0px;--awb-border-radius-bottom-right:0px;--awb-border-radius-bottom-left:0px;--awb-padding-top:7.5%;--awb-padding-bottom:7.5%;--awb-background-color:rgba(0,0,0,0.62);--awb-background-image:url(&quot;https:\/\/jobcenter-leipzig.de\/wp-content\/uploads\/2020\/12\/jobcenter-ueber-uns-header.jpg&quot;);--awb-background-size:cover;--awb-flex-wrap:wrap;\" ><div class=\"fusion-builder-row fusion-row fusion-flex-align-items-flex-start fusion-flex-content-wrap\" style=\"max-width:1248px;margin-left: calc(-4% \/ 2 );margin-right: calc(-4% \/ 2 );\"><div class=\"fusion-layout-column fusion_builder_column fusion-builder-column-0 fusion_builder_column_1_1 1_1 fusion-flex-column\" style=\"--awb-bg-size:cover;--awb-width-large:100%;--awb-margin-top-large:0px;--awb-spacing-right-large:1.92%;--awb-margin-bottom-large:0px;--awb-spacing-left-large:1.92%;--awb-width-medium:100%;--awb-order-medium:0;--awb-spacing-right-medium:1.92%;--awb-spacing-left-medium:1.92%;--awb-width-small:100%;--awb-order-small:0;--awb-spacing-right-small:1.92%;--awb-spacing-left-small:1.92%;\"><div class=\"fusion-column-wrapper fusion-column-has-shadow fusion-flex-justify-content-flex-start fusion-content-layout-column\"><div class=\"fusion-title title fusion-title-1 fusion-sep-none fusion-title-center fusion-title-text fusion-title-size-one\" style=\"--awb-text-color:#f39335;--awb-margin-bottom:0px;--awb-margin-top-small:10px;--awb-margin-right-small:0px;--awb-margin-bottom-small:10px;--awb-margin-left-small:0px;--awb-sep-color:#ffffff;\"><h1 class=\"fusion-title-heading title-heading-center fusion-responsive-typography-calculated\" style=\"margin:0;--fontSize:54;line-height:1.16;\">About us<\/h1><\/div><\/div><\/div><\/div><\/div><div class=\"fusion-fullwidth fullwidth-box fusion-builder-row-2 fusion-flex-container nonhundred-percent-fullwidth non-hundred-percent-height-scrolling\" style=\"--awb-border-radius-top-left:0px;--awb-border-radius-top-right:0px;--awb-border-radius-bottom-right:0px;--awb-border-radius-bottom-left:0px;--awb-padding-top:5%;--awb-padding-bottom:5%;--awb-flex-wrap:wrap;\" ><div class=\"fusion-builder-row fusion-row fusion-flex-align-items-center fusion-flex-justify-content-center fusion-flex-content-wrap\" style=\"max-width:1248px;margin-left: calc(-4% \/ 2 );margin-right: calc(-4% \/ 2 );\"><div class=\"fusion-layout-column fusion_builder_column fusion-builder-column-1 fusion-flex-column\" style=\"--awb-bg-size:cover;--awb-width-large:80%;--awb-margin-top-large:0px;--awb-spacing-right-large:2.4%;--awb-margin-bottom-large:20px;--awb-spacing-left-large:2.4%;--awb-width-medium:80%;--awb-order-medium:0;--awb-spacing-right-medium:2.4%;--awb-spacing-left-medium:2.4%;--awb-width-small:100%;--awb-order-small:0;--awb-spacing-right-small:1.92%;--awb-spacing-left-small:1.92%;\"><div class=\"fusion-column-wrapper fusion-column-has-shadow fusion-flex-justify-content-flex-start fusion-content-layout-column\"><div class=\"fusion-text fusion-text-1\" style=\"--awb-text-transform:none;\"><p>The Leipzig Job Centre is one of the largest job centres in the region. We place and support recipients of citizens' benefits in the city of Leipzig. At the same time, we are the point of contact for employers when it comes to reporting vacancies and checking possible recruitment assistance.<br \/>\nOn these pages you will find information about our properties, the organisation and important areas with external impact.<\/p>\n<p><strong>Downloads:<\/strong><br \/>\n<a class=\"pdf\" href=\"\/wp-content\/uploads\/2024\/03\/AMIP-2024.pdf\" target=\"_blank\" rel=\"noopener noreferrer\"><strong><i class=\"far fa-file-pdf\"><\/i> Labour market and integration programme of the Leipzig Job Centre 2025<\/strong><\/a><\/p>\n<\/div><\/div><\/div><\/div><\/div><div class=\"fusion-fullwidth fullwidth-box fusion-builder-row-3 fusion-flex-container fusion-parallax-none nonhundred-percent-fullwidth non-hundred-percent-height-scrolling card_container\" style=\"--awb-border-radius-top-left:0px;--awb-border-radius-top-right:0px;--awb-border-radius-bottom-right:0px;--awb-border-radius-bottom-left:0px;--awb-padding-top:5%;--awb-padding-bottom:5%;--awb-background-image:url(&quot;https:\/\/jobcenter-leipzig.de\/wp-content\/uploads\/2020\/11\/bg-trans.png&quot;);--awb-background-size:cover;--awb-flex-wrap:wrap;\" ><div class=\"fusion-builder-row fusion-row fusion-flex-align-items-flex-start fusion-flex-content-wrap\" style=\"max-width:1248px;margin-left: calc(-4% \/ 2 );margin-right: calc(-4% \/ 2 );\"><div class=\"fusion-layout-column fusion_builder_column fusion-builder-column-2 fusion_builder_column_1_3 1_3 fusion-flex-column fusion-column-inner-bg-wrapper neocard\" style=\"--awb-inner-bg-color:#ffffff;--awb-inner-bg-color-hover:#ffffff;--awb-inner-bg-size:cover;--awb-width-large:33.333333333333%;--awb-margin-top-large:0px;--awb-spacing-right-large:5.76%;--awb-margin-bottom-large:50px;--awb-spacing-left-large:5.76%;--awb-width-medium:50%;--awb-order-medium:0;--awb-spacing-right-medium:3.84%;--awb-spacing-left-medium:3.84%;--awb-width-small:50%;--awb-order-small:0;--awb-spacing-right-small:3.84%;--awb-margin-bottom-small:20px;--awb-spacing-left-small:3.84%;\"><span class=\"fusion-column-inner-bg hover-type-zoomin\"><a class=\"fusion-column-anchor\" href=\"\/en\/about-us\/mission-statement\/\"><span class=\"fusion-column-inner-bg-image\"><\/span><\/a><\/span><div class=\"fusion-column-wrapper fusion-column-has-shadow fusion-flex-justify-content-flex-start fusion-content-layout-column\"><div class=\"fusion-image-element\" style=\"text-align:center;--awb-caption-title-font-family:var(--h2_typography-font-family);--awb-caption-title-font-weight:var(--h2_typography-font-weight);--awb-caption-title-font-style:var(--h2_typography-font-style);--awb-caption-title-size:var(--h2_typography-font-size);--awb-caption-title-transform:var(--h2_typography-text-transform);--awb-caption-title-line-height:var(--h2_typography-line-height);--awb-caption-title-letter-spacing:var(--h2_typography-letter-spacing);\"><span class=\"fusion-imageframe imageframe-none imageframe-1 hover-type-none\"><img decoding=\"async\" width=\"800\" height=\"500\" title=\"jc-website-icons-mission statement\" src=\"https:\/\/jobcenter-leipzig.de\/wp-content\/uploads\/2020\/11\/jc-webseite-icons-leitbild.png\" alt class=\"img-responsive wp-image-427\" srcset=\"https:\/\/jobcenter-leipzig.de\/wp-content\/uploads\/2020\/11\/jc-webseite-icons-leitbild-200x125.png 200w, https:\/\/jobcenter-leipzig.de\/wp-content\/uploads\/2020\/11\/jc-webseite-icons-leitbild-400x250.png 400w, https:\/\/jobcenter-leipzig.de\/wp-content\/uploads\/2020\/11\/jc-webseite-icons-leitbild-600x375.png 600w, https:\/\/jobcenter-leipzig.de\/wp-content\/uploads\/2020\/11\/jc-webseite-icons-leitbild.png 800w\" sizes=\"(max-width: 640px) 100vw, 400px\" \/><\/span><\/div><div class=\"fusion-title title fusion-title-2 fusion-sep-none fusion-title-center fusion-title-text fusion-title-size-two title_cards\" style=\"--awb-text-color:#ffffff;--awb-margin-top:0px;--awb-margin-bottom:0px;--awb-margin-top-small:10px;--awb-margin-right-small:0px;--awb-margin-bottom-small:0px;--awb-margin-left-small:0px;--awb-font-size:22px;\"><h2 class=\"fusion-title-heading title-heading-center fusion-responsive-typography-calculated\" style=\"font-family:&quot;Roboto-Bold&quot;;font-style:normal;font-weight:400;margin:0;font-size:1em;--fontSize:22;--minFontSize:22;line-height:1.2;\">Mission statement<\/h2><\/div><\/div><\/div><div class=\"fusion-layout-column fusion_builder_column fusion-builder-column-3 fusion_builder_column_1_3 1_3 fusion-flex-column fusion-column-inner-bg-wrapper neocard\" style=\"--awb-inner-bg-color:#ffffff;--awb-inner-bg-color-hover:#ffffff;--awb-inner-bg-size:cover;--awb-width-large:33.333333333333%;--awb-margin-top-large:0px;--awb-spacing-right-large:5.76%;--awb-margin-bottom-large:50px;--awb-spacing-left-large:5.76%;--awb-width-medium:50%;--awb-order-medium:0;--awb-spacing-right-medium:3.84%;--awb-spacing-left-medium:3.84%;--awb-width-small:50%;--awb-order-small:0;--awb-spacing-right-small:3.84%;--awb-margin-bottom-small:20px;--awb-spacing-left-small:3.84%;\"><span class=\"fusion-column-inner-bg hover-type-zoomin\"><a class=\"fusion-column-anchor\" href=\"\/en\/about-us\/contact-opening-hours\/\"><span class=\"fusion-column-inner-bg-image\"><\/span><\/a><\/span><div class=\"fusion-column-wrapper fusion-column-has-shadow fusion-flex-justify-content-flex-start fusion-content-layout-column\"><div class=\"fusion-image-element\" style=\"text-align:center;--awb-caption-title-font-family:var(--h2_typography-font-family);--awb-caption-title-font-weight:var(--h2_typography-font-weight);--awb-caption-title-font-style:var(--h2_typography-font-style);--awb-caption-title-size:var(--h2_typography-font-size);--awb-caption-title-transform:var(--h2_typography-text-transform);--awb-caption-title-line-height:var(--h2_typography-line-height);--awb-caption-title-letter-spacing:var(--h2_typography-letter-spacing);\"><span class=\"fusion-imageframe imageframe-none imageframe-2 hover-type-none\"><img decoding=\"async\" width=\"800\" height=\"500\" title=\"jc-website-icons-contact\" src=\"https:\/\/jobcenter-leipzig.de\/wp-content\/uploads\/2020\/11\/jc-webseite-icons-kontakt.png\" alt class=\"img-responsive wp-image-445\" srcset=\"https:\/\/jobcenter-leipzig.de\/wp-content\/uploads\/2020\/11\/jc-webseite-icons-kontakt-200x125.png 200w, https:\/\/jobcenter-leipzig.de\/wp-content\/uploads\/2020\/11\/jc-webseite-icons-kontakt-400x250.png 400w, https:\/\/jobcenter-leipzig.de\/wp-content\/uploads\/2020\/11\/jc-webseite-icons-kontakt-600x375.png 600w, https:\/\/jobcenter-leipzig.de\/wp-content\/uploads\/2020\/11\/jc-webseite-icons-kontakt.png 800w\" sizes=\"(max-width: 640px) 100vw, 400px\" \/><\/span><\/div><div class=\"fusion-title title fusion-title-3 fusion-sep-none fusion-title-center fusion-title-text fusion-title-size-two title_cards\" style=\"--awb-text-color:#ffffff;--awb-margin-top:0px;--awb-margin-bottom:0px;--awb-margin-top-small:10px;--awb-margin-right-small:0px;--awb-margin-bottom-small:0px;--awb-margin-left-small:0px;--awb-font-size:22px;\"><h2 class=\"fusion-title-heading title-heading-center fusion-responsive-typography-calculated\" style=\"font-family:&quot;Roboto-Bold&quot;;font-style:normal;font-weight:400;margin:0;font-size:1em;--fontSize:22;--minFontSize:22;line-height:1.2;\">Contact \/ Opening hours<\/h2><\/div><\/div><\/div><div class=\"fusion-layout-column fusion_builder_column fusion-builder-column-4 fusion_builder_column_1_3 1_3 fusion-flex-column fusion-column-inner-bg-wrapper neocard\" style=\"--awb-inner-bg-color:#ffffff;--awb-inner-bg-color-hover:#ffffff;--awb-inner-bg-size:cover;--awb-width-large:33.333333333333%;--awb-margin-top-large:0px;--awb-spacing-right-large:5.76%;--awb-margin-bottom-large:50px;--awb-spacing-left-large:5.76%;--awb-width-medium:50%;--awb-order-medium:0;--awb-spacing-right-medium:3.84%;--awb-spacing-left-medium:3.84%;--awb-width-small:50%;--awb-order-small:0;--awb-spacing-right-small:3.84%;--awb-margin-bottom-small:20px;--awb-spacing-left-small:3.84%;\"><span class=\"fusion-column-inner-bg hover-type-zoomin\"><a class=\"fusion-column-anchor\" href=\"\/en\/about-us\/location\/\"><span class=\"fusion-column-inner-bg-image\"><\/span><\/a><\/span><div class=\"fusion-column-wrapper fusion-column-has-shadow fusion-flex-justify-content-flex-start fusion-content-layout-column\"><div class=\"fusion-image-element\" style=\"text-align:center;--awb-caption-title-font-family:var(--h2_typography-font-family);--awb-caption-title-font-weight:var(--h2_typography-font-weight);--awb-caption-title-font-style:var(--h2_typography-font-style);--awb-caption-title-size:var(--h2_typography-font-size);--awb-caption-title-transform:var(--h2_typography-text-transform);--awb-caption-title-line-height:var(--h2_typography-line-height);--awb-caption-title-letter-spacing:var(--h2_typography-letter-spacing);\"><span class=\"fusion-imageframe imageframe-none imageframe-3 hover-type-none\"><img decoding=\"async\" width=\"800\" height=\"500\" title=\"jc-website-icons-properties\" src=\"https:\/\/jobcenter-leipzig.de\/wp-content\/uploads\/2020\/11\/jc-webseite-icons-liegenschaften.png\" alt class=\"img-responsive wp-image-446\" srcset=\"https:\/\/jobcenter-leipzig.de\/wp-content\/uploads\/2020\/11\/jc-webseite-icons-liegenschaften-200x125.png 200w, https:\/\/jobcenter-leipzig.de\/wp-content\/uploads\/2020\/11\/jc-webseite-icons-liegenschaften-400x250.png 400w, https:\/\/jobcenter-leipzig.de\/wp-content\/uploads\/2020\/11\/jc-webseite-icons-liegenschaften-600x375.png 600w, https:\/\/jobcenter-leipzig.de\/wp-content\/uploads\/2020\/11\/jc-webseite-icons-liegenschaften.png 800w\" sizes=\"(max-width: 640px) 100vw, 400px\" \/><\/span><\/div><div class=\"fusion-title title fusion-title-4 fusion-sep-none fusion-title-center fusion-title-text fusion-title-size-two title_cards\" style=\"--awb-text-color:#ffffff;--awb-margin-top:0px;--awb-margin-bottom:0px;--awb-margin-top-small:10px;--awb-margin-right-small:0px;--awb-margin-bottom-small:0px;--awb-margin-left-small:0px;--awb-font-size:22px;\"><h2 class=\"fusion-title-heading title-heading-center fusion-responsive-typography-calculated\" style=\"font-family:&quot;Roboto-Bold&quot;;font-style:normal;font-weight:400;margin:0;font-size:1em;--fontSize:22;--minFontSize:22;line-height:1.2;\">Locations<\/h2><\/div><\/div><\/div><div class=\"fusion-layout-column fusion_builder_column fusion-builder-column-5 fusion_builder_column_1_3 1_3 fusion-flex-column\" style=\"--awb-bg-size:cover;--awb-width-large:33.333333333333%;--awb-margin-top-large:0px;--awb-spacing-right-large:5.76%;--awb-margin-bottom-large:20px;--awb-spacing-left-large:5.76%;--awb-width-medium:33.333333333333%;--awb-order-medium:0;--awb-spacing-right-medium:5.76%;--awb-spacing-left-medium:5.76%;--awb-width-small:100%;--awb-order-small:0;--awb-spacing-right-small:1.92%;--awb-spacing-left-small:1.92%;\"><div class=\"fusion-column-wrapper fusion-column-has-shadow fusion-flex-justify-content-flex-start fusion-content-layout-column\"><\/div><\/div><div class=\"fusion-layout-column fusion_builder_column fusion-builder-column-6 fusion_builder_column_1_3 1_3 fusion-flex-column fusion-column-inner-bg-wrapper neocard\" style=\"--awb-inner-bg-color:#ffffff;--awb-inner-bg-color-hover:#ffffff;--awb-inner-bg-size:cover;--awb-width-large:33.333333333333%;--awb-margin-top-large:0px;--awb-spacing-right-large:5.76%;--awb-margin-bottom-large:50px;--awb-spacing-left-large:5.76%;--awb-width-medium:50%;--awb-order-medium:0;--awb-spacing-right-medium:3.84%;--awb-spacing-left-medium:3.84%;--awb-width-small:50%;--awb-order-small:0;--awb-spacing-right-small:3.84%;--awb-margin-bottom-small:20px;--awb-spacing-left-small:3.84%;\"><span class=\"fusion-column-inner-bg hover-type-zoomin\"><a class=\"fusion-column-anchor\" href=\"\/en\/about-us\/organisation\/\"><span class=\"fusion-column-inner-bg-image\"><\/span><\/a><\/span><div class=\"fusion-column-wrapper fusion-column-has-shadow fusion-flex-justify-content-flex-start fusion-content-layout-column\"><div class=\"fusion-image-element\" style=\"text-align:center;--awb-caption-title-font-family:var(--h2_typography-font-family);--awb-caption-title-font-weight:var(--h2_typography-font-weight);--awb-caption-title-font-style:var(--h2_typography-font-style);--awb-caption-title-size:var(--h2_typography-font-size);--awb-caption-title-transform:var(--h2_typography-text-transform);--awb-caption-title-line-height:var(--h2_typography-line-height);--awb-caption-title-letter-spacing:var(--h2_typography-letter-spacing);\"><span class=\"fusion-imageframe imageframe-none imageframe-4 hover-type-none\"><img decoding=\"async\" width=\"800\" height=\"500\" title=\"jc-website-icons-orga\" src=\"https:\/\/jobcenter-leipzig.de\/wp-content\/uploads\/2020\/11\/jc-webseite-icons-orga.png\" alt class=\"img-responsive wp-image-453\" srcset=\"https:\/\/jobcenter-leipzig.de\/wp-content\/uploads\/2020\/11\/jc-webseite-icons-orga-200x125.png 200w, https:\/\/jobcenter-leipzig.de\/wp-content\/uploads\/2020\/11\/jc-webseite-icons-orga-400x250.png 400w, https:\/\/jobcenter-leipzig.de\/wp-content\/uploads\/2020\/11\/jc-webseite-icons-orga-600x375.png 600w, https:\/\/jobcenter-leipzig.de\/wp-content\/uploads\/2020\/11\/jc-webseite-icons-orga.png 800w\" sizes=\"(max-width: 640px) 100vw, 400px\" \/><\/span><\/div><div class=\"fusion-title title fusion-title-5 fusion-sep-none fusion-title-center fusion-title-text fusion-title-size-two title_cards\" style=\"--awb-text-color:#ffffff;--awb-margin-top:0px;--awb-margin-bottom:0px;--awb-margin-top-small:10px;--awb-margin-right-small:0px;--awb-margin-bottom-small:0px;--awb-margin-left-small:0px;--awb-font-size:22px;\"><h2 class=\"fusion-title-heading title-heading-center fusion-responsive-typography-calculated\" style=\"font-family:&quot;Roboto-Bold&quot;;font-style:normal;font-weight:400;margin:0;font-size:1em;--fontSize:22;--minFontSize:22;line-height:1.2;\">Organisation<\/h2><\/div><\/div><\/div><div class=\"fusion-layout-column fusion_builder_column fusion-builder-column-7 fusion_builder_column_1_3 1_3 fusion-flex-column\" style=\"--awb-bg-size:cover;--awb-width-large:33.333333333333%;--awb-margin-top-large:0px;--awb-spacing-right-large:5.76%;--awb-margin-bottom-large:20px;--awb-spacing-left-large:5.76%;--awb-width-medium:33.333333333333%;--awb-order-medium:0;--awb-spacing-right-medium:5.76%;--awb-spacing-left-medium:5.76%;--awb-width-small:100%;--awb-order-small:0;--awb-spacing-right-small:1.92%;--awb-spacing-left-small:1.92%;\"><div class=\"fusion-column-wrapper fusion-column-has-shadow fusion-flex-justify-content-flex-start fusion-content-layout-column\"><\/div><\/div><\/div><\/div><\/p>","protected":false},"excerpt":{"rendered":"","protected":false},"author":1,"featured_media":0,"parent":0,"menu_order":0,"comment_status":"closed","ping_status":"closed","template":"100-width.php","meta":{"footnotes":""},"class_list":["post-27","page","type-page","status-publish","hentry"],"yoast_head":"<!-- This site is optimized with the Yoast SEO plugin v27.2 - https:\/\/yoast.com\/product\/yoast-seo-wordpress\/ -->\n<title>\u00dcber uns - Jobcenter Leipzig<\/title>\n<meta name=\"description\" content=\"Das Jobcenter Leipzig informiert Sie an dieser Stelle zum Thema \u00dcber uns. Bei Fragen zum Thema \u00dcber uns melden Sie sich telefonsich unter +49 341 91310540\" \/>\n<meta name=\"robots\" content=\"index, follow, max-snippet:-1, max-image-preview:large, max-video-preview:-1\" \/>\n<link rel=\"canonical\" href=\"https:\/\/jobcenter-leipzig.de\/en\/about-us\/\" \/>\n<meta property=\"og:locale\" content=\"en_GB\" \/>\n<meta property=\"og:type\" content=\"article\" \/>\n<meta property=\"og:title\" content=\"\u00dcber uns - Jobcenter Leipzig\" \/>\n<meta property=\"og:description\" content=\"Das Jobcenter Leipzig informiert Sie an dieser Stelle zum Thema \u00dcber uns. Bei Fragen zum Thema \u00dcber uns melden Sie sich telefonsich unter +49 341 91310540\" \/>\n<meta property=\"og:url\" content=\"https:\/\/jobcenter-leipzig.de\/en\/about-us\/\" \/>\n<meta property=\"og:site_name\" content=\"Jobcenter Leipzig\" \/>\n<meta property=\"article:modified_time\" content=\"2025-01-22T07:44:26+00:00\" \/>\n<meta name=\"twitter:card\" content=\"summary_large_image\" \/>\n<script type=\"application\/ld+json\" class=\"yoast-schema-graph\">{\"@context\":\"https:\/\/schema.org\",\"@graph\":[{\"@type\":\"WebPage\",\"@id\":\"https:\/\/jobcenter-leipzig.de\/ueber-uns\/\",\"url\":\"https:\/\/jobcenter-leipzig.de\/ueber-uns\/\",\"name\":\"\u00dcber uns - Jobcenter Leipzig\",\"isPartOf\":{\"@id\":\"https:\/\/jobcenter-leipzig.de\/#website\"},\"datePublished\":\"2020-11-23T09:37:05+00:00\",\"dateModified\":\"2025-01-22T07:44:26+00:00\",\"description\":\"Das Jobcenter Leipzig informiert Sie an dieser Stelle zum Thema \u00dcber uns. Bei Fragen zum Thema \u00dcber uns melden Sie sich telefonsich unter +49 341 91310540\",\"breadcrumb\":{\"@id\":\"https:\/\/jobcenter-leipzig.de\/ueber-uns\/#breadcrumb\"},\"inLanguage\":\"en-GB\",\"potentialAction\":[{\"@type\":\"ReadAction\",\"target\":[\"https:\/\/jobcenter-leipzig.de\/ueber-uns\/\"]}]},{\"@type\":\"BreadcrumbList\",\"@id\":\"https:\/\/jobcenter-leipzig.de\/ueber-uns\/#breadcrumb\",\"itemListElement\":[{\"@type\":\"ListItem\",\"position\":1,\"name\":\"Startseite\",\"item\":\"https:\/\/jobcenter-leipzig.de\/\"},{\"@type\":\"ListItem\",\"position\":2,\"name\":\"\u00dcber uns\"}]},{\"@type\":\"WebSite\",\"@id\":\"https:\/\/jobcenter-leipzig.de\/#website\",\"url\":\"https:\/\/jobcenter-leipzig.de\/\",\"name\":\"Jobcenter Leipzig\",\"description\":\"Jobcenter Leipzig\",\"potentialAction\":[{\"@type\":\"SearchAction\",\"target\":{\"@type\":\"EntryPoint\",\"urlTemplate\":\"https:\/\/jobcenter-leipzig.de\/?s={search_term_string}\"},\"query-input\":{\"@type\":\"PropertyValueSpecification\",\"valueRequired\":true,\"valueName\":\"search_term_string\"}}],\"inLanguage\":\"en-GB\"}]}<\/script>\n<!-- \/ Yoast SEO plugin. -->","yoast_head_json":{"title":"About us - Jobcentre Leipzig","description":"The Leipzig Job Centre provides you with information here on the subject of About us. If you have any questions about About us, please contact us by telephone on +49 341 91310540","robots":{"index":"index","follow":"follow","max-snippet":"max-snippet:-1","max-image-preview":"max-image-preview:large","max-video-preview":"max-video-preview:-1"},"canonical":"https:\/\/jobcenter-leipzig.de\/en\/about-us\/","og_locale":"en_GB","og_type":"article","og_title":"\u00dcber uns - Jobcenter Leipzig","og_description":"Das Jobcenter Leipzig informiert Sie an dieser Stelle zum Thema \u00dcber uns. Bei Fragen zum Thema \u00dcber uns melden Sie sich telefonsich unter +49 341 91310540","og_url":"https:\/\/jobcenter-leipzig.de\/en\/about-us\/","og_site_name":"Jobcenter Leipzig","article_modified_time":"2025-01-22T07:44:26+00:00","twitter_card":"summary_large_image","schema":{"@context":"https:\/\/schema.org","@graph":[{"@type":"WebPage","@id":"https:\/\/jobcenter-leipzig.de\/ueber-uns\/","url":"https:\/\/jobcenter-leipzig.de\/ueber-uns\/","name":"About us - Jobcentre Leipzig","isPartOf":{"@id":"https:\/\/jobcenter-leipzig.de\/#website"},"datePublished":"2020-11-23T09:37:05+00:00","dateModified":"2025-01-22T07:44:26+00:00","description":"The Leipzig Job Centre provides you with information here on the subject of About us. If you have any questions about About us, please contact us by telephone on +49 341 91310540","breadcrumb":{"@id":"https:\/\/jobcenter-leipzig.de\/ueber-uns\/#breadcrumb"},"inLanguage":"en-GB","potentialAction":[{"@type":"ReadAction","target":["https:\/\/jobcenter-leipzig.de\/ueber-uns\/"]}]},{"@type":"BreadcrumbList","@id":"https:\/\/jobcenter-leipzig.de\/ueber-uns\/#breadcrumb","itemListElement":[{"@type":"ListItem","position":1,"name":"Startseite","item":"https:\/\/jobcenter-leipzig.de\/"},{"@type":"ListItem","position":2,"name":"\u00dcber uns"}]},{"@type":"WebSite","@id":"https:\/\/jobcenter-leipzig.de\/#website","url":"https:\/\/jobcenter-leipzig.de\/","name":"Leipzig Job Centre","description":"Leipzig Job Centre","potentialAction":[{"@type":"SearchAction","target":{"@type":"EntryPoint","urlTemplate":"https:\/\/jobcenter-leipzig.de\/?s={search_term_string}"},"query-input":{"@type":"PropertyValueSpecification","valueRequired":true,"valueName":"search_term_string"}}],"inLanguage":"en-GB"}]}},"_links":{"self":[{"href":"https:\/\/jobcenter-leipzig.de\/en\/wp-json\/wp\/v2\/pages\/27","targetHints":{"allow":["GET"]}}],"collection":[{"href":"https:\/\/jobcenter-leipzig.de\/en\/wp-json\/wp\/v2\/pages"}],"about":[{"href":"https:\/\/jobcenter-leipzig.de\/en\/wp-json\/wp\/v2\/types\/page"}],"author":[{"embeddable":true,"href":"https:\/\/jobcenter-leipzig.de\/en\/wp-json\/wp\/v2\/users\/1"}],"replies":[{"embeddable":true,"href":"https:\/\/jobcenter-leipzig.de\/en\/wp-json\/wp\/v2\/comments?post=27"}],"version-history":[{"count":29,"href":"https:\/\/jobcenter-leipzig.de\/en\/wp-json\/wp\/v2\/pages\/27\/revisions"}],"predecessor-version":[{"id":4521,"href":"https:\/\/jobcenter-leipzig.de\/en\/wp-json\/wp\/v2\/pages\/27\/revisions\/4521"}],"wp:attachment":[{"href":"https:\/\/jobcenter-leipzig.de\/en\/wp-json\/wp\/v2\/media?parent=27"}],"curies":[{"name":"wp","href":"https:\/\/api.w.org\/{rel}","templated":true}]}}