{"id":1407,"date":"2020-12-08T10:39:13","date_gmt":"2020-12-08T10:39:13","guid":{"rendered":"https:\/\/jobcenter-leipzig.de\/?page_id=1407"},"modified":"2025-07-28T06:57:56","modified_gmt":"2025-07-28T06:57:56","slug":"language-promotion","status":"publish","type":"page","link":"https:\/\/jobcenter-leipzig.de\/en\/vermittlung\/besondere-zielgruppen\/menschen-aus-dem-ausland\/sprachfoerderung\/","title":{"rendered":"Language support"},"content":{"rendered":"<!-- PMB print buttons is only displayed on a single post\/page URLs--><p><div class=\"fusion-fullwidth fullwidth-box fusion-builder-row-1 fusion-flex-container nonhundred-percent-fullwidth non-hundred-percent-height-scrolling\" style=\"--awb-border-radius-top-left:0px;--awb-border-radius-top-right:0px;--awb-border-radius-bottom-right:0px;--awb-border-radius-bottom-left:0px;--awb-padding-top:1.5%;--awb-padding-bottom:2.5%;--awb-padding-top-medium:0px;--awb-padding-bottom-medium:25px;--awb-padding-top-small:15px;--awb-padding-bottom-small:20px;--awb-min-height:250px;--awb-background-color:#f2f2f2;--awb-flex-wrap:wrap;\" ><div class=\"fusion-builder-row fusion-row fusion-flex-align-items-center fusion-flex-align-content-center fusion-flex-content-wrap\" style=\"max-width:1248px;margin-left: calc(-4% \/ 2 );margin-right: calc(-4% \/ 2 );\"><div class=\"fusion-layout-column fusion_builder_column fusion-builder-column-0 fusion_builder_column_1_1 1_1 fusion-flex-column\" style=\"--awb-bg-size:cover;--awb-width-large:100%;--awb-margin-top-large:0px;--awb-spacing-right-large:1.92%;--awb-margin-bottom-large:0px;--awb-spacing-left-large:1.92%;--awb-width-medium:100%;--awb-order-medium:0;--awb-spacing-right-medium:1.92%;--awb-spacing-left-medium:1.92%;--awb-width-small:100%;--awb-order-small:0;--awb-spacing-right-small:1.92%;--awb-spacing-left-small:1.92%;\"><div class=\"fusion-column-wrapper fusion-column-has-shadow fusion-flex-justify-content-flex-start fusion-content-layout-column\"><div class=\"fusion-title title fusion-title-1 fusion-sep-none fusion-title-center fusion-title-text fusion-title-size-one\" style=\"--awb-text-color:#f39335;--awb-margin-top-small:10px;--awb-margin-right-small:0px;--awb-margin-bottom-small:10px;--awb-margin-left-small:0px;--awb-font-size:28px;\"><h1 class=\"fusion-title-heading title-heading-center fusion-responsive-typography-calculated\" style=\"margin:0;font-size:1em;--fontSize:28;line-height:1.16;\">Language support<\/h1><\/div><nav class=\"fusion-breadcrumbs awb-yoast-breadcrumbs fusion-breadcrumbs-1\" style=\"--awb-alignment:center;--awb-breadcrumb-sep:&#039;\u2794&#039;;text-align:center;\" aria-label=\"Breadcrumb\"><ol class=\"awb-breadcrumb-list\"><li class=\"fusion-breadcrumb-item awb-breadcrumb-sep awb-home\" ><a href=\"https:\/\/jobcenter-leipzig.de\/en\" class=\"fusion-breadcrumb-link\"><span >Home<\/span><\/a><\/li><\/ol><\/nav><\/div><\/div><\/div><\/div><div class=\"fusion-fullwidth fullwidth-box fusion-builder-row-2 fusion-flex-container nonhundred-percent-fullwidth non-hundred-percent-height-scrolling\" style=\"--awb-border-radius-top-left:0px;--awb-border-radius-top-right:0px;--awb-border-radius-bottom-right:0px;--awb-border-radius-bottom-left:0px;--awb-padding-top:5%;--awb-padding-bottom:2%;--awb-flex-wrap:wrap;\" ><div class=\"fusion-builder-row fusion-row fusion-flex-align-items-center fusion-flex-justify-content-center fusion-flex-content-wrap\" style=\"max-width:1248px;margin-left: calc(-4% \/ 2 );margin-right: calc(-4% \/ 2 );\"><div class=\"fusion-layout-column fusion_builder_column fusion-builder-column-1 fusion-flex-column\" style=\"--awb-bg-size:cover;--awb-width-large:80%;--awb-margin-top-large:0px;--awb-spacing-right-large:2.4%;--awb-margin-bottom-large:20px;--awb-spacing-left-large:2.4%;--awb-width-medium:80%;--awb-order-medium:0;--awb-spacing-right-medium:2.4%;--awb-spacing-left-medium:2.4%;--awb-width-small:100%;--awb-order-small:0;--awb-spacing-right-small:1.92%;--awb-spacing-left-small:1.92%;\"><div class=\"fusion-column-wrapper fusion-column-has-shadow fusion-flex-justify-content-flex-start fusion-content-layout-column\"><div class=\"fusion-text fusion-text-1\" style=\"--awb-text-transform:none;\"><p>Acquiring sufficient German language skills is one of the most important prerequisites for successful integration into the German labour market, but also for social integration. Your integration specialist will be happy to support you on your way into the labour market. <a class=\"pdftx\" href=\"https:\/\/www.bamf.de\/DE\/Themen\/Integration\/ZugewanderteTeilnehmende\/Integrationskurse\/integrationskurse-node.html\" target=\"_blank\" rel=\"noopener noreferrer\">Integration course<\/a>.<\/p>\n<p>In addition, you can provide further language support, e.g. <a class=\"pdftx\" href=\"https:\/\/www.bamf.de\/DE\/Themen\/Integration\/ZugewanderteTeilnehmende\/DeutschBeruf\/deutsch-beruf.html\" target=\"_blank\" rel=\"noopener noreferrer\">Professional language courses<\/a>in order to achieve your professional goals. Please get in touch with your personal contact person to arrange a consultation on the topic of language support.<\/p>\n<p>Further information can be found on the website of the <a class=\"pdftx\" href=\"https:\/\/www.bamf.de\/DE\/Themen\/Integration\/ZugewanderteTeilnehmende\/Integrationskurse\/integrationskurse-node.html\" target=\"_blank\" rel=\"noopener noreferrer\">BAMF<\/a>.<\/p>\n<p>You can find a suitable professional language course on the <a class=\"pdftx\" href=\"https:\/\/web.arbeitsagentur.de\/sprachfoerderung\/suche\/berufssprachkurse\" target=\"_blank\" rel=\"noopener noreferrer\">Page \"Language support and migration\"<\/a> of the Federal Employment Agency.<br \/>\nIf it is not possible for you to attend a regular integration or vocational language course at the moment, you can <a class=\"pdftx\" href=\"https:\/\/de.scribd.com\/document\/554793247\/Deutsch-Lernen-in-Leipzig-Niederschwellige-Angebote\" target=\"_blank\" rel=\"noopener noreferrer\">Low-threshold language learning programmes offered by the city of Leipzig<\/a> take.<\/p>\n<\/div><\/div><\/div><\/div><\/div><\/p>","protected":false},"excerpt":{"rendered":"","protected":false},"author":1,"featured_media":0,"parent":706,"menu_order":0,"comment_status":"closed","ping_status":"closed","template":"100-width.php","meta":{"footnotes":""},"class_list":["post-1407","page","type-page","status-publish","hentry"],"yoast_head":"<!-- This site is optimized with the Yoast SEO plugin v27.2 - https:\/\/yoast.com\/product\/yoast-seo-wordpress\/ -->\n<title>Sprachf\u00f6rderung - Jobcenter Leipzig<\/title>\n<meta name=\"description\" content=\"Das Jobcenter Leipzig informiert Sie an dieser Stelle zum Thema Sprachf\u00f6rderung. Bei Fragen zum Thema Sprachf\u00f6rderung melden Sie sich telefonsich unter +49 341 91310540\" \/>\n<meta name=\"robots\" content=\"index, follow, max-snippet:-1, max-image-preview:large, max-video-preview:-1\" \/>\n<link rel=\"canonical\" href=\"https:\/\/jobcenter-leipzig.de\/en\/mediation\/special-target-groups\/people-from-abroad\/language-promotion\/\" \/>\n<meta property=\"og:locale\" content=\"en_GB\" \/>\n<meta property=\"og:type\" content=\"article\" \/>\n<meta property=\"og:title\" content=\"Sprachf\u00f6rderung - Jobcenter Leipzig\" \/>\n<meta property=\"og:description\" content=\"Das Jobcenter Leipzig informiert Sie an dieser Stelle zum Thema Sprachf\u00f6rderung. Bei Fragen zum Thema Sprachf\u00f6rderung melden Sie sich telefonsich unter +49 341 91310540\" \/>\n<meta property=\"og:url\" content=\"https:\/\/jobcenter-leipzig.de\/en\/mediation\/special-target-groups\/people-from-abroad\/language-promotion\/\" \/>\n<meta property=\"og:site_name\" content=\"Jobcenter Leipzig\" \/>\n<meta property=\"article:modified_time\" content=\"2025-07-28T06:57:56+00:00\" \/>\n<meta name=\"twitter:card\" content=\"summary_large_image\" \/>\n<script type=\"application\/ld+json\" class=\"yoast-schema-graph\">{\"@context\":\"https:\/\/schema.org\",\"@graph\":[{\"@type\":\"WebPage\",\"@id\":\"https:\/\/jobcenter-leipzig.de\/vermittlung\/besondere-zielgruppen\/menschen-aus-dem-ausland\/sprachfoerderung\/\",\"url\":\"https:\/\/jobcenter-leipzig.de\/vermittlung\/besondere-zielgruppen\/menschen-aus-dem-ausland\/sprachfoerderung\/\",\"name\":\"Sprachf\u00f6rderung - Jobcenter Leipzig\",\"isPartOf\":{\"@id\":\"https:\/\/jobcenter-leipzig.de\/#website\"},\"datePublished\":\"2020-12-08T10:39:13+00:00\",\"dateModified\":\"2025-07-28T06:57:56+00:00\",\"description\":\"Das Jobcenter Leipzig informiert Sie an dieser Stelle zum Thema Sprachf\u00f6rderung. Bei Fragen zum Thema Sprachf\u00f6rderung melden Sie sich telefonsich unter +49 341 91310540\",\"breadcrumb\":{\"@id\":\"https:\/\/jobcenter-leipzig.de\/vermittlung\/besondere-zielgruppen\/menschen-aus-dem-ausland\/sprachfoerderung\/#breadcrumb\"},\"inLanguage\":\"en-GB\",\"potentialAction\":[{\"@type\":\"ReadAction\",\"target\":[\"https:\/\/jobcenter-leipzig.de\/vermittlung\/besondere-zielgruppen\/menschen-aus-dem-ausland\/sprachfoerderung\/\"]}]},{\"@type\":\"BreadcrumbList\",\"@id\":\"https:\/\/jobcenter-leipzig.de\/vermittlung\/besondere-zielgruppen\/menschen-aus-dem-ausland\/sprachfoerderung\/#breadcrumb\",\"itemListElement\":[{\"@type\":\"ListItem\",\"position\":1,\"name\":\"Startseite\",\"item\":\"https:\/\/jobcenter-leipzig.de\/\"},{\"@type\":\"ListItem\",\"position\":2,\"name\":\"Beratung &#038; Vermittlung\",\"item\":\"https:\/\/jobcenter-leipzig.de\/vermittlung\/\"},{\"@type\":\"ListItem\",\"position\":3,\"name\":\"Besondere Zielgruppen\",\"item\":\"https:\/\/jobcenter-leipzig.de\/vermittlung\/besondere-zielgruppen\/\"},{\"@type\":\"ListItem\",\"position\":4,\"name\":\"Menschen aus dem Ausland\",\"item\":\"https:\/\/jobcenter-leipzig.de\/vermittlung\/besondere-zielgruppen\/menschen-aus-dem-ausland\/\"},{\"@type\":\"ListItem\",\"position\":5,\"name\":\"Sprachf\u00f6rderung\"}]},{\"@type\":\"WebSite\",\"@id\":\"https:\/\/jobcenter-leipzig.de\/#website\",\"url\":\"https:\/\/jobcenter-leipzig.de\/\",\"name\":\"Jobcenter Leipzig\",\"description\":\"Jobcenter Leipzig\",\"potentialAction\":[{\"@type\":\"SearchAction\",\"target\":{\"@type\":\"EntryPoint\",\"urlTemplate\":\"https:\/\/jobcenter-leipzig.de\/?s={search_term_string}\"},\"query-input\":{\"@type\":\"PropertyValueSpecification\",\"valueRequired\":true,\"valueName\":\"search_term_string\"}}],\"inLanguage\":\"en-GB\"}]}<\/script>\n<!-- \/ Yoast SEO plugin. -->","yoast_head_json":{"title":"Language support - Jobcentre Leipzig","description":"The Leipzig Job Centre provides information on the subject of language support here. If you have any questions about language support, please call +49 341 91310540","robots":{"index":"index","follow":"follow","max-snippet":"max-snippet:-1","max-image-preview":"max-image-preview:large","max-video-preview":"max-video-preview:-1"},"canonical":"https:\/\/jobcenter-leipzig.de\/en\/mediation\/special-target-groups\/people-from-abroad\/language-promotion\/","og_locale":"en_GB","og_type":"article","og_title":"Sprachf\u00f6rderung - Jobcenter Leipzig","og_description":"Das Jobcenter Leipzig informiert Sie an dieser Stelle zum Thema Sprachf\u00f6rderung. Bei Fragen zum Thema Sprachf\u00f6rderung melden Sie sich telefonsich unter +49 341 91310540","og_url":"https:\/\/jobcenter-leipzig.de\/en\/mediation\/special-target-groups\/people-from-abroad\/language-promotion\/","og_site_name":"Jobcenter Leipzig","article_modified_time":"2025-07-28T06:57:56+00:00","twitter_card":"summary_large_image","schema":{"@context":"https:\/\/schema.org","@graph":[{"@type":"WebPage","@id":"https:\/\/jobcenter-leipzig.de\/vermittlung\/besondere-zielgruppen\/menschen-aus-dem-ausland\/sprachfoerderung\/","url":"https:\/\/jobcenter-leipzig.de\/vermittlung\/besondere-zielgruppen\/menschen-aus-dem-ausland\/sprachfoerderung\/","name":"Language support - Jobcentre Leipzig","isPartOf":{"@id":"https:\/\/jobcenter-leipzig.de\/#website"},"datePublished":"2020-12-08T10:39:13+00:00","dateModified":"2025-07-28T06:57:56+00:00","description":"The Leipzig Job Centre provides information on the subject of language support here. If you have any questions about language support, please call +49 341 91310540","breadcrumb":{"@id":"https:\/\/jobcenter-leipzig.de\/vermittlung\/besondere-zielgruppen\/menschen-aus-dem-ausland\/sprachfoerderung\/#breadcrumb"},"inLanguage":"en-GB","potentialAction":[{"@type":"ReadAction","target":["https:\/\/jobcenter-leipzig.de\/vermittlung\/besondere-zielgruppen\/menschen-aus-dem-ausland\/sprachfoerderung\/"]}]},{"@type":"BreadcrumbList","@id":"https:\/\/jobcenter-leipzig.de\/vermittlung\/besondere-zielgruppen\/menschen-aus-dem-ausland\/sprachfoerderung\/#breadcrumb","itemListElement":[{"@type":"ListItem","position":1,"name":"Startseite","item":"https:\/\/jobcenter-leipzig.de\/"},{"@type":"ListItem","position":2,"name":"Beratung &#038; Vermittlung","item":"https:\/\/jobcenter-leipzig.de\/vermittlung\/"},{"@type":"ListItem","position":3,"name":"Besondere Zielgruppen","item":"https:\/\/jobcenter-leipzig.de\/vermittlung\/besondere-zielgruppen\/"},{"@type":"ListItem","position":4,"name":"Menschen aus dem Ausland","item":"https:\/\/jobcenter-leipzig.de\/vermittlung\/besondere-zielgruppen\/menschen-aus-dem-ausland\/"},{"@type":"ListItem","position":5,"name":"Sprachf\u00f6rderung"}]},{"@type":"WebSite","@id":"https:\/\/jobcenter-leipzig.de\/#website","url":"https:\/\/jobcenter-leipzig.de\/","name":"Leipzig Job Centre","description":"Leipzig Job Centre","potentialAction":[{"@type":"SearchAction","target":{"@type":"EntryPoint","urlTemplate":"https:\/\/jobcenter-leipzig.de\/?s={search_term_string}"},"query-input":{"@type":"PropertyValueSpecification","valueRequired":true,"valueName":"search_term_string"}}],"inLanguage":"en-GB"}]}},"_links":{"self":[{"href":"https:\/\/jobcenter-leipzig.de\/en\/wp-json\/wp\/v2\/pages\/1407","targetHints":{"allow":["GET"]}}],"collection":[{"href":"https:\/\/jobcenter-leipzig.de\/en\/wp-json\/wp\/v2\/pages"}],"about":[{"href":"https:\/\/jobcenter-leipzig.de\/en\/wp-json\/wp\/v2\/types\/page"}],"author":[{"embeddable":true,"href":"https:\/\/jobcenter-leipzig.de\/en\/wp-json\/wp\/v2\/users\/1"}],"replies":[{"embeddable":true,"href":"https:\/\/jobcenter-leipzig.de\/en\/wp-json\/wp\/v2\/comments?post=1407"}],"version-history":[{"count":7,"href":"https:\/\/jobcenter-leipzig.de\/en\/wp-json\/wp\/v2\/pages\/1407\/revisions"}],"predecessor-version":[{"id":4872,"href":"https:\/\/jobcenter-leipzig.de\/en\/wp-json\/wp\/v2\/pages\/1407\/revisions\/4872"}],"up":[{"embeddable":true,"href":"https:\/\/jobcenter-leipzig.de\/en\/wp-json\/wp\/v2\/pages\/706"}],"wp:attachment":[{"href":"https:\/\/jobcenter-leipzig.de\/en\/wp-json\/wp\/v2\/media?parent=1407"}],"curies":[{"name":"wp","href":"https:\/\/api.w.org\/{rel}","templated":true}]}}